{"id":114,"date":"2019-10-31T22:13:23","date_gmt":"2019-10-31T21:13:23","guid":{"rendered":"http:\/\/skupinabonus.cz\/?page_id=114"},"modified":"2022-02-25T16:43:52","modified_gmt":"2022-02-25T15:43:52","slug":"repertoar","status":"publish","type":"page","link":"https:\/\/skupinabonus.cz\/o-nas\/repertoar\/","title":{"rendered":"REPERTO\u00c1R"},"content":{"rendered":"\n<h2 class=\"wp-block-heading\">Dle p\u0159ilo\u017een\u00e9ho souboru  je patrn\u00e9,\u017ee si ka\u017ed\u00fd m\u016f\u017ee naj\u00edt svou p\u00edsni\u010dku.  Toto je p\u016fvodn\u00ed reperto\u00e1r z roku 2008 od t\u00e9 doby p\u00e1r p\u00edsni\u010dek vypadlo,ale i p\u0159ibylo spousta nov\u00fdch i star\u0161\u00edch p\u00edsni\u010dek . Jak se \u0159\u00edk\u00e1  od Bacha po Vlacha<\/h2>\n\n\n\n<p><strong>nap\u0159. : spousta lidovek , p\u00edsni\u010dky ze Semaforu, Country, Simonov\u00e1 -Chladil, Eva a Va\u0161ek , p\u00edsni\u010dky ze \u0160l\u00e1gru , \u0160pinarov\u00e1 , Gott, Vondr\u00e1\u010dkov\u00e1,  ale i Divokej Bill, Chinaski, Kab\u00e1t , \u0160kwor, Doga,  Brutus&#8230;&#8230;<\/strong><\/p>\n\n\n\n<h3 class=\"wp-block-heading\">A na dal\u0161\u00edch se pracuje \ud83d\ude42<\/h3>\n\n\n\n<h4 class=\"wp-block-heading\"><\/h4>\n\n\n\n<figure class=\"wp-block-image\"><img loading=\"lazy\" decoding=\"async\" width=\"710\" height=\"981\" src=\"https:\/\/skupinabonus.cz\/wp-content\/uploads\/2019\/10\/REPERTO\u00c1R-1.jpg\" alt=\"\" class=\"wp-image-119\" srcset=\"https:\/\/skupinabonus.cz\/wp-content\/uploads\/2019\/10\/REPERTO\u00c1R-1.jpg 710w, https:\/\/skupinabonus.cz\/wp-content\/uploads\/2019\/10\/REPERTO\u00c1R-1-217x300.jpg 217w, https:\/\/skupinabonus.cz\/wp-content\/uploads\/2019\/10\/REPERTO\u00c1R-1-624x862.jpg 624w\" sizes=\"auto, (max-width: 710px) 100vw, 710px\" \/><\/figure>\n\n\n\n<figure class=\"wp-block-image\"><img loading=\"lazy\" decoding=\"async\" width=\"710\" height=\"930\" src=\"https:\/\/skupinabonus.cz\/wp-content\/uploads\/2019\/10\/REPERTO\u00c1R-2.jpg\" alt=\"\" class=\"wp-image-120\" srcset=\"https:\/\/skupinabonus.cz\/wp-content\/uploads\/2019\/10\/REPERTO\u00c1R-2.jpg 710w, https:\/\/skupinabonus.cz\/wp-content\/uploads\/2019\/10\/REPERTO\u00c1R-2-229x300.jpg 229w, https:\/\/skupinabonus.cz\/wp-content\/uploads\/2019\/10\/REPERTO\u00c1R-2-624x817.jpg 624w\" sizes=\"auto, (max-width: 710px) 100vw, 710px\" \/><\/figure>\n","protected":false},"excerpt":{"rendered":"<p>Dle p\u0159ilo\u017een\u00e9ho souboru je patrn\u00e9,\u017ee si ka\u017ed\u00fd m\u016f\u017ee naj\u00edt svou p\u00edsni\u010dku. Toto je p\u016fvodn\u00ed reperto\u00e1r z roku 2008 od t\u00e9 doby p\u00e1r p\u00edsni\u010dek vypadlo,ale i p\u0159ibylo spousta nov\u00fdch i star\u0161\u00edch p\u00edsni\u010dek . Jak se \u0159\u00edk\u00e1 od Bacha po Vlacha nap\u0159. : spousta lidovek , p\u00edsni\u010dky ze Semaforu, Country, Simonov\u00e1 -Chladil, Eva a Va\u0161ek , p\u00edsni\u010dky [&hellip;]<\/p>\n","protected":false},"author":1,"featured_media":0,"parent":0,"menu_order":0,"comment_status":"closed","ping_status":"closed","template":"","meta":{"footnotes":""},"class_list":["post-114","page","type-page","status-publish","hentry"],"yoast_head":"<!-- This site is optimized with the Yoast SEO plugin v24.9 - https:\/\/yoast.com\/wordpress\/plugins\/seo\/ -->\n<title>M\u011blni\u010danka, https:\/\/skupinabonus.cz\/o-nas\/?page_id=140, - HUDEBN\u00cd SKUPINA BONUS<\/title>\n<meta name=\"description\" content=\"dechov\u00e1 hudba M\u011blni\u010danka , dechovka, M\u011blni\u010danka Pila\u0159\" \/>\n<meta name=\"robots\" content=\"index, follow, max-snippet:-1, max-image-preview:large, max-video-preview:-1\" \/>\n<link rel=\"canonical\" href=\"https:\/\/skupinabonus.cz\/o-nas\/repertoar\/\" \/>\n<meta property=\"og:locale\" content=\"cs_CZ\" \/>\n<meta property=\"og:type\" content=\"article\" \/>\n<meta property=\"og:title\" content=\"M\u011blni\u010danka, https:\/\/skupinabonus.cz\/o-nas\/?page_id=140, - HUDEBN\u00cd SKUPINA BONUS\" \/>\n<meta property=\"og:description\" content=\"dechov\u00e1 hudba M\u011blni\u010danka , dechovka, M\u011blni\u010danka Pila\u0159\" \/>\n<meta property=\"og:url\" content=\"https:\/\/skupinabonus.cz\/o-nas\/repertoar\/\" \/>\n<meta property=\"og:site_name\" content=\"HUDEBN\u00cd SKUPINA BONUS\" \/>\n<meta property=\"article:publisher\" content=\"https:\/\/www.facebook.com\/pavel.pilar.33\/\" \/>\n<meta property=\"article:modified_time\" content=\"2022-02-25T15:43:52+00:00\" \/>\n<meta property=\"og:image\" content=\"https:\/\/skupinabonus.cz\/wp-content\/uploads\/2019\/11\/bonus-t\u0159pytiv\u00fd.gif\" \/>\n\t<meta property=\"og:image:width\" content=\"558\" \/>\n\t<meta property=\"og:image:height\" content=\"159\" \/>\n\t<meta property=\"og:image:type\" content=\"image\/gif\" \/>\n<meta name=\"twitter:card\" content=\"summary_large_image\" \/>\n<script type=\"application\/ld+json\" class=\"yoast-schema-graph\">{\"@context\":\"https:\/\/schema.org\",\"@graph\":[{\"@type\":\"WebPage\",\"@id\":\"https:\/\/skupinabonus.cz\/o-nas\/repertoar\/\",\"url\":\"https:\/\/skupinabonus.cz\/o-nas\/repertoar\/\",\"name\":\"M\u011blni\u010danka, https:\/\/skupinabonus.cz\/o-nas\/?page_id=140, - HUDEBN\u00cd SKUPINA BONUS\",\"isPartOf\":{\"@id\":\"https:\/\/skupinabonus.cz\/o-nas\/#website\"},\"datePublished\":\"2019-10-31T21:13:23+00:00\",\"dateModified\":\"2022-02-25T15:43:52+00:00\",\"description\":\"dechov\u00e1 hudba M\u011blni\u010danka , dechovka, M\u011blni\u010danka Pila\u0159\",\"breadcrumb\":{\"@id\":\"https:\/\/skupinabonus.cz\/o-nas\/repertoar\/#breadcrumb\"},\"inLanguage\":\"cs\",\"potentialAction\":[{\"@type\":\"ReadAction\",\"target\":[\"https:\/\/skupinabonus.cz\/o-nas\/repertoar\/\"]}]},{\"@type\":\"BreadcrumbList\",\"@id\":\"https:\/\/skupinabonus.cz\/o-nas\/repertoar\/#breadcrumb\",\"itemListElement\":[{\"@type\":\"ListItem\",\"position\":1,\"name\":\"Dom\u016f\",\"item\":\"https:\/\/skupinabonus.cz\/o-nas\/\"},{\"@type\":\"ListItem\",\"position\":2,\"name\":\"REPERTO\u00c1R\"}]},{\"@type\":\"WebSite\",\"@id\":\"https:\/\/skupinabonus.cz\/o-nas\/#website\",\"url\":\"https:\/\/skupinabonus.cz\/o-nas\/\",\"name\":\"HUDEBN\u00cd SKUPINA BONUS\",\"description\":\"V\u00cdTEJTE NA STR\u00c1NK\u00c1CH HUDEBN\u00cd SKUPINY BONUS , KTER\u00c1 V\u00c1M DOK\u00c1\u017dE ZP\u0158\u00cdJEMNIT  N\u00c1LADU NA VA\u0160ICH AKC\u00cdCH jako jsou PLESY, Z\u00c1BAVY,  CE SOUKROM\u00c9HO CHARAKTERU....a dal\u0161\u00ed jin\u00e9 akSVATBY,  RODINN\u00c9 OSLAVY, AKce, kter\u00e9 je pot\u0159eba podbarvit p\u0159\u00edjemnou muzikou.\",\"publisher\":{\"@id\":\"https:\/\/skupinabonus.cz\/o-nas\/#organization\"},\"alternateName\":\"SKUPINA BONUS\",\"potentialAction\":[{\"@type\":\"SearchAction\",\"target\":{\"@type\":\"EntryPoint\",\"urlTemplate\":\"https:\/\/skupinabonus.cz\/o-nas\/?s={search_term_string}\"},\"query-input\":{\"@type\":\"PropertyValueSpecification\",\"valueRequired\":true,\"valueName\":\"search_term_string\"}}],\"inLanguage\":\"cs\"},{\"@type\":\"Organization\",\"@id\":\"https:\/\/skupinabonus.cz\/o-nas\/#organization\",\"name\":\"Pavel Pila\u0159\",\"url\":\"https:\/\/skupinabonus.cz\/o-nas\/\",\"logo\":{\"@type\":\"ImageObject\",\"inLanguage\":\"cs\",\"@id\":\"https:\/\/skupinabonus.cz\/o-nas\/#\/schema\/logo\/image\/\",\"url\":\"http:\/\/skupinabonus.cz\/wp-content\/uploads\/2019\/10\/B.jpg\",\"contentUrl\":\"http:\/\/skupinabonus.cz\/wp-content\/uploads\/2019\/10\/B.jpg\",\"width\":93,\"height\":141,\"caption\":\"Pavel Pila\u0159\"},\"image\":{\"@id\":\"https:\/\/skupinabonus.cz\/o-nas\/#\/schema\/logo\/image\/\"},\"sameAs\":[\"https:\/\/www.facebook.com\/pavel.pilar.33\/\"]}]}<\/script>\n<!-- \/ Yoast SEO plugin. -->","yoast_head_json":{"title":"M\u011blni\u010danka, https:\/\/skupinabonus.cz\/o-nas\/?page_id=140, - HUDEBN\u00cd SKUPINA BONUS","description":"dechov\u00e1 hudba M\u011blni\u010danka , dechovka, M\u011blni\u010danka Pila\u0159","robots":{"index":"index","follow":"follow","max-snippet":"max-snippet:-1","max-image-preview":"max-image-preview:large","max-video-preview":"max-video-preview:-1"},"canonical":"https:\/\/skupinabonus.cz\/o-nas\/repertoar\/","og_locale":"cs_CZ","og_type":"article","og_title":"M\u011blni\u010danka, https:\/\/skupinabonus.cz\/o-nas\/?page_id=140, - HUDEBN\u00cd SKUPINA BONUS","og_description":"dechov\u00e1 hudba M\u011blni\u010danka , dechovka, M\u011blni\u010danka Pila\u0159","og_url":"https:\/\/skupinabonus.cz\/o-nas\/repertoar\/","og_site_name":"HUDEBN\u00cd SKUPINA BONUS","article_publisher":"https:\/\/www.facebook.com\/pavel.pilar.33\/","article_modified_time":"2022-02-25T15:43:52+00:00","og_image":[{"width":558,"height":159,"url":"https:\/\/skupinabonus.cz\/wp-content\/uploads\/2019\/11\/bonus-t\u0159pytiv\u00fd.gif","type":"image\/gif"}],"twitter_card":"summary_large_image","schema":{"@context":"https:\/\/schema.org","@graph":[{"@type":"WebPage","@id":"https:\/\/skupinabonus.cz\/o-nas\/repertoar\/","url":"https:\/\/skupinabonus.cz\/o-nas\/repertoar\/","name":"M\u011blni\u010danka, https:\/\/skupinabonus.cz\/o-nas\/?page_id=140, - HUDEBN\u00cd SKUPINA BONUS","isPartOf":{"@id":"https:\/\/skupinabonus.cz\/o-nas\/#website"},"datePublished":"2019-10-31T21:13:23+00:00","dateModified":"2022-02-25T15:43:52+00:00","description":"dechov\u00e1 hudba M\u011blni\u010danka , dechovka, M\u011blni\u010danka Pila\u0159","breadcrumb":{"@id":"https:\/\/skupinabonus.cz\/o-nas\/repertoar\/#breadcrumb"},"inLanguage":"cs","potentialAction":[{"@type":"ReadAction","target":["https:\/\/skupinabonus.cz\/o-nas\/repertoar\/"]}]},{"@type":"BreadcrumbList","@id":"https:\/\/skupinabonus.cz\/o-nas\/repertoar\/#breadcrumb","itemListElement":[{"@type":"ListItem","position":1,"name":"Dom\u016f","item":"https:\/\/skupinabonus.cz\/o-nas\/"},{"@type":"ListItem","position":2,"name":"REPERTO\u00c1R"}]},{"@type":"WebSite","@id":"https:\/\/skupinabonus.cz\/o-nas\/#website","url":"https:\/\/skupinabonus.cz\/o-nas\/","name":"HUDEBN\u00cd SKUPINA BONUS","description":"V\u00cdTEJTE NA STR\u00c1NK\u00c1CH HUDEBN\u00cd SKUPINY BONUS , KTER\u00c1 V\u00c1M DOK\u00c1\u017dE ZP\u0158\u00cdJEMNIT  N\u00c1LADU NA VA\u0160ICH AKC\u00cdCH jako jsou PLESY, Z\u00c1BAVY,  CE SOUKROM\u00c9HO CHARAKTERU....a dal\u0161\u00ed jin\u00e9 akSVATBY,  RODINN\u00c9 OSLAVY, AKce, kter\u00e9 je pot\u0159eba podbarvit p\u0159\u00edjemnou muzikou.","publisher":{"@id":"https:\/\/skupinabonus.cz\/o-nas\/#organization"},"alternateName":"SKUPINA BONUS","potentialAction":[{"@type":"SearchAction","target":{"@type":"EntryPoint","urlTemplate":"https:\/\/skupinabonus.cz\/o-nas\/?s={search_term_string}"},"query-input":{"@type":"PropertyValueSpecification","valueRequired":true,"valueName":"search_term_string"}}],"inLanguage":"cs"},{"@type":"Organization","@id":"https:\/\/skupinabonus.cz\/o-nas\/#organization","name":"Pavel Pila\u0159","url":"https:\/\/skupinabonus.cz\/o-nas\/","logo":{"@type":"ImageObject","inLanguage":"cs","@id":"https:\/\/skupinabonus.cz\/o-nas\/#\/schema\/logo\/image\/","url":"http:\/\/skupinabonus.cz\/wp-content\/uploads\/2019\/10\/B.jpg","contentUrl":"http:\/\/skupinabonus.cz\/wp-content\/uploads\/2019\/10\/B.jpg","width":93,"height":141,"caption":"Pavel Pila\u0159"},"image":{"@id":"https:\/\/skupinabonus.cz\/o-nas\/#\/schema\/logo\/image\/"},"sameAs":["https:\/\/www.facebook.com\/pavel.pilar.33\/"]}]}},"_links":{"self":[{"href":"https:\/\/skupinabonus.cz\/o-nas\/wp-json\/wp\/v2\/pages\/114","targetHints":{"allow":["GET"]}}],"collection":[{"href":"https:\/\/skupinabonus.cz\/o-nas\/wp-json\/wp\/v2\/pages"}],"about":[{"href":"https:\/\/skupinabonus.cz\/o-nas\/wp-json\/wp\/v2\/types\/page"}],"author":[{"embeddable":true,"href":"https:\/\/skupinabonus.cz\/o-nas\/wp-json\/wp\/v2\/users\/1"}],"replies":[{"embeddable":true,"href":"https:\/\/skupinabonus.cz\/o-nas\/wp-json\/wp\/v2\/comments?post=114"}],"version-history":[{"count":7,"href":"https:\/\/skupinabonus.cz\/o-nas\/wp-json\/wp\/v2\/pages\/114\/revisions"}],"predecessor-version":[{"id":844,"href":"https:\/\/skupinabonus.cz\/o-nas\/wp-json\/wp\/v2\/pages\/114\/revisions\/844"}],"wp:attachment":[{"href":"https:\/\/skupinabonus.cz\/o-nas\/wp-json\/wp\/v2\/media?parent=114"}],"curies":[{"name":"wp","href":"https:\/\/api.w.org\/{rel}","templated":true}]}}