{"id":45,"date":"2019-10-28T08:25:22","date_gmt":"2019-10-28T08:25:22","guid":{"rendered":"http:\/\/skupinabonus.cz\/?page_id=45"},"modified":"2025-10-17T07:36:28","modified_gmt":"2025-10-17T06:36:28","slug":"kontakt","status":"publish","type":"page","link":"https:\/\/skupinabonus.cz\/o-nas\/","title":{"rendered":"KONTAKT"},"content":{"rendered":"\n<p class=\"has-text-align-center\"><img loading=\"lazy\" decoding=\"async\" width=\"160\" height=\"113\" class=\"wp-image-2230\" style=\"width: 160px;\" src=\"http:\/\/skupinabonus.cz\/wp-content\/uploads\/2025\/10\/vizitka-25.jpg\" alt=\"\" srcset=\"https:\/\/skupinabonus.cz\/wp-content\/uploads\/2025\/10\/vizitka-25.jpg 1307w, https:\/\/skupinabonus.cz\/wp-content\/uploads\/2025\/10\/vizitka-25-300x212.jpg 300w, https:\/\/skupinabonus.cz\/wp-content\/uploads\/2025\/10\/vizitka-25-1024x723.jpg 1024w, https:\/\/skupinabonus.cz\/wp-content\/uploads\/2025\/10\/vizitka-25-768x542.jpg 768w, https:\/\/skupinabonus.cz\/wp-content\/uploads\/2025\/10\/vizitka-25-624x441.jpg 624w\" sizes=\"auto, (max-width: 160px) 100vw, 160px\" \/><\/p>\n\n\n\n<p><strong><em>Vedouc\u00ed souboru:<\/em>\u00a0\u00a0\u00a0Pavel Pila\u0159\u00a0\u00a0 \u00a0 \u00a0 <\/strong><\/p>\n\n\n\n<p><strong>&nbsp; &nbsp; &nbsp; &nbsp; &nbsp;&nbsp;<\/strong><\/p>\n\n\n\n<figure class=\"wp-block-image\"><img loading=\"lazy\" decoding=\"async\" width=\"438\" height=\"326\" src=\"https:\/\/skupinabonus.cz\/wp-content\/uploads\/2019\/11\/j\u00e11.gif\" alt=\"\" class=\"wp-image-183\"\/><\/figure>\n\n\n\n<p class=\"has-text-align-left\"><strong>\u00a0702 420 040 \u00a0Pros\u00edm pi\u0161te\u00a0\u00a0 SMS  \u00a0s  podpisem<\/strong> &#8211; ur\u010dit\u011b se V\u00e1m ozvu zp\u011bt<\/p>\n\n\n\n<p>nebo na e-mail : <strong>posbon@seznam.cz<\/strong><\/p>\n\n\n\n<p><strong>I\u010c: 495 25 123<\/strong><\/p>\n\n\n\n<p class=\"has-text-align-center\"><strong><mark style=\"background-color:rgba(0, 0, 0, 0);color:#fe5904\" class=\"has-inline-color\">V\u00c1\u0160<\/mark><\/strong><\/p>\n\n\n\n<figure class=\"wp-block-image is-resized\"><img loading=\"lazy\" decoding=\"async\" width=\"558\" height=\"159\" src=\"https:\/\/skupinabonus.cz\/wp-content\/uploads\/2019\/11\/bonus-t\u0159pytiv\u00fd-4.gif\" alt=\"\" class=\"wp-image-203\" style=\"width:633px;height:180px\"\/><\/figure>\n","protected":false},"excerpt":{"rendered":"<p>Vedouc\u00ed souboru:\u00a0\u00a0\u00a0Pavel Pila\u0159\u00a0\u00a0 \u00a0 \u00a0 &nbsp; &nbsp; &nbsp; &nbsp; &nbsp;&nbsp; \u00a0702 420 040 \u00a0Pros\u00edm pi\u0161te\u00a0\u00a0 SMS \u00a0s podpisem &#8211; ur\u010dit\u011b se V\u00e1m ozvu zp\u011bt nebo na e-mail : posbon@seznam.cz I\u010c: 495 25 123 V\u00c1\u0160<\/p>\n","protected":false},"author":1,"featured_media":0,"parent":0,"menu_order":0,"comment_status":"closed","ping_status":"closed","template":"","meta":{"footnotes":""},"class_list":["post-45","page","type-page","status-publish","hentry"],"yoast_head":"<!-- This site is optimized with the Yoast SEO plugin v24.9 - https:\/\/yoast.com\/wordpress\/plugins\/seo\/ -->\n<title>M\u011blni\u010danka, https:\/\/skupinabonus.cz\/o-nas\/?page_id=140, - HUDEBN\u00cd SKUPINA BONUS<\/title>\n<meta name=\"description\" content=\"dechov\u00e1 hudba M\u011blni\u010danka , dechovka, M\u011blni\u010danka Pila\u0159\" \/>\n<meta name=\"robots\" content=\"index, follow, max-snippet:-1, max-image-preview:large, max-video-preview:-1\" \/>\n<link rel=\"canonical\" href=\"https:\/\/skupinabonus.cz\/o-nas\/\" \/>\n<meta property=\"og:locale\" content=\"cs_CZ\" \/>\n<meta property=\"og:type\" content=\"article\" \/>\n<meta property=\"og:title\" content=\"M\u011blni\u010danka, https:\/\/skupinabonus.cz\/o-nas\/?page_id=140, - HUDEBN\u00cd SKUPINA BONUS\" \/>\n<meta property=\"og:description\" content=\"dechov\u00e1 hudba M\u011blni\u010danka , dechovka, M\u011blni\u010danka Pila\u0159\" \/>\n<meta property=\"og:url\" content=\"https:\/\/skupinabonus.cz\/o-nas\/\" \/>\n<meta property=\"og:site_name\" content=\"HUDEBN\u00cd SKUPINA BONUS\" \/>\n<meta property=\"article:publisher\" content=\"https:\/\/www.facebook.com\/pavel.pilar.33\/\" \/>\n<meta property=\"article:modified_time\" content=\"2025-10-17T06:36:28+00:00\" \/>\n<meta property=\"og:image\" content=\"https:\/\/skupinabonus.cz\/wp-content\/uploads\/2025\/10\/vizitka-25.jpg\" \/>\n\t<meta property=\"og:image:width\" content=\"1307\" \/>\n\t<meta property=\"og:image:height\" content=\"923\" \/>\n\t<meta property=\"og:image:type\" content=\"image\/jpeg\" \/>\n<meta name=\"twitter:card\" content=\"summary_large_image\" \/>\n<meta name=\"twitter:label1\" content=\"Odhadovan\u00e1 doba \u010dten\u00ed\" \/>\n\t<meta name=\"twitter:data1\" content=\"1 minuta\" \/>\n<script type=\"application\/ld+json\" class=\"yoast-schema-graph\">{\"@context\":\"https:\/\/schema.org\",\"@graph\":[{\"@type\":\"WebPage\",\"@id\":\"https:\/\/skupinabonus.cz\/o-nas\/\",\"url\":\"https:\/\/skupinabonus.cz\/o-nas\/\",\"name\":\"M\u011blni\u010danka, https:\/\/skupinabonus.cz\/o-nas\/?page_id=140, - HUDEBN\u00cd SKUPINA BONUS\",\"isPartOf\":{\"@id\":\"https:\/\/skupinabonus.cz\/o-nas\/#website\"},\"primaryImageOfPage\":{\"@id\":\"https:\/\/skupinabonus.cz\/o-nas\/#primaryimage\"},\"image\":{\"@id\":\"https:\/\/skupinabonus.cz\/o-nas\/#primaryimage\"},\"thumbnailUrl\":\"http:\/\/skupinabonus.cz\/wp-content\/uploads\/2025\/10\/vizitka-25.jpg\",\"datePublished\":\"2019-10-28T08:25:22+00:00\",\"dateModified\":\"2025-10-17T06:36:28+00:00\",\"description\":\"dechov\u00e1 hudba M\u011blni\u010danka , dechovka, M\u011blni\u010danka Pila\u0159\",\"breadcrumb\":{\"@id\":\"https:\/\/skupinabonus.cz\/o-nas\/#breadcrumb\"},\"inLanguage\":\"cs\",\"potentialAction\":[{\"@type\":\"ReadAction\",\"target\":[\"https:\/\/skupinabonus.cz\/o-nas\/\"]}]},{\"@type\":\"ImageObject\",\"inLanguage\":\"cs\",\"@id\":\"https:\/\/skupinabonus.cz\/o-nas\/#primaryimage\",\"url\":\"http:\/\/skupinabonus.cz\/wp-content\/uploads\/2025\/10\/vizitka-25.jpg\",\"contentUrl\":\"http:\/\/skupinabonus.cz\/wp-content\/uploads\/2025\/10\/vizitka-25.jpg\"},{\"@type\":\"BreadcrumbList\",\"@id\":\"https:\/\/skupinabonus.cz\/o-nas\/#breadcrumb\",\"itemListElement\":[{\"@type\":\"ListItem\",\"position\":1,\"name\":\"Dom\u016f\",\"item\":\"https:\/\/skupinabonus.cz\/o-nas\/\"},{\"@type\":\"ListItem\",\"position\":2,\"name\":\"KONTAKT\"}]},{\"@type\":\"WebSite\",\"@id\":\"https:\/\/skupinabonus.cz\/o-nas\/#website\",\"url\":\"https:\/\/skupinabonus.cz\/o-nas\/\",\"name\":\"HUDEBN\u00cd SKUPINA BONUS\",\"description\":\"V\u00cdTEJTE NA STR\u00c1NK\u00c1CH HUDEBN\u00cd SKUPINY BONUS , KTER\u00c1 V\u00c1M DOK\u00c1\u017dE ZP\u0158\u00cdJEMNIT  N\u00c1LADU NA VA\u0160ICH AKC\u00cdCH jako jsou PLESY, Z\u00c1BAVY,  CE SOUKROM\u00c9HO CHARAKTERU....a dal\u0161\u00ed jin\u00e9 akSVATBY,  RODINN\u00c9 OSLAVY, AKce, kter\u00e9 je pot\u0159eba podbarvit p\u0159\u00edjemnou muzikou.\",\"publisher\":{\"@id\":\"https:\/\/skupinabonus.cz\/o-nas\/#organization\"},\"alternateName\":\"SKUPINA BONUS\",\"potentialAction\":[{\"@type\":\"SearchAction\",\"target\":{\"@type\":\"EntryPoint\",\"urlTemplate\":\"https:\/\/skupinabonus.cz\/o-nas\/?s={search_term_string}\"},\"query-input\":{\"@type\":\"PropertyValueSpecification\",\"valueRequired\":true,\"valueName\":\"search_term_string\"}}],\"inLanguage\":\"cs\"},{\"@type\":\"Organization\",\"@id\":\"https:\/\/skupinabonus.cz\/o-nas\/#organization\",\"name\":\"Pavel Pila\u0159\",\"url\":\"https:\/\/skupinabonus.cz\/o-nas\/\",\"logo\":{\"@type\":\"ImageObject\",\"inLanguage\":\"cs\",\"@id\":\"https:\/\/skupinabonus.cz\/o-nas\/#\/schema\/logo\/image\/\",\"url\":\"http:\/\/skupinabonus.cz\/wp-content\/uploads\/2019\/10\/B.jpg\",\"contentUrl\":\"http:\/\/skupinabonus.cz\/wp-content\/uploads\/2019\/10\/B.jpg\",\"width\":93,\"height\":141,\"caption\":\"Pavel Pila\u0159\"},\"image\":{\"@id\":\"https:\/\/skupinabonus.cz\/o-nas\/#\/schema\/logo\/image\/\"},\"sameAs\":[\"https:\/\/www.facebook.com\/pavel.pilar.33\/\"]}]}<\/script>\n<!-- \/ Yoast SEO plugin. -->","yoast_head_json":{"title":"M\u011blni\u010danka, https:\/\/skupinabonus.cz\/o-nas\/?page_id=140, - HUDEBN\u00cd SKUPINA BONUS","description":"dechov\u00e1 hudba M\u011blni\u010danka , dechovka, M\u011blni\u010danka Pila\u0159","robots":{"index":"index","follow":"follow","max-snippet":"max-snippet:-1","max-image-preview":"max-image-preview:large","max-video-preview":"max-video-preview:-1"},"canonical":"https:\/\/skupinabonus.cz\/o-nas\/","og_locale":"cs_CZ","og_type":"article","og_title":"M\u011blni\u010danka, https:\/\/skupinabonus.cz\/o-nas\/?page_id=140, - HUDEBN\u00cd SKUPINA BONUS","og_description":"dechov\u00e1 hudba M\u011blni\u010danka , dechovka, M\u011blni\u010danka Pila\u0159","og_url":"https:\/\/skupinabonus.cz\/o-nas\/","og_site_name":"HUDEBN\u00cd SKUPINA BONUS","article_publisher":"https:\/\/www.facebook.com\/pavel.pilar.33\/","article_modified_time":"2025-10-17T06:36:28+00:00","og_image":[{"width":1307,"height":923,"url":"https:\/\/skupinabonus.cz\/wp-content\/uploads\/2025\/10\/vizitka-25.jpg","type":"image\/jpeg"}],"twitter_card":"summary_large_image","twitter_misc":{"Odhadovan\u00e1 doba \u010dten\u00ed":"1 minuta"},"schema":{"@context":"https:\/\/schema.org","@graph":[{"@type":"WebPage","@id":"https:\/\/skupinabonus.cz\/o-nas\/","url":"https:\/\/skupinabonus.cz\/o-nas\/","name":"M\u011blni\u010danka, https:\/\/skupinabonus.cz\/o-nas\/?page_id=140, - HUDEBN\u00cd SKUPINA BONUS","isPartOf":{"@id":"https:\/\/skupinabonus.cz\/o-nas\/#website"},"primaryImageOfPage":{"@id":"https:\/\/skupinabonus.cz\/o-nas\/#primaryimage"},"image":{"@id":"https:\/\/skupinabonus.cz\/o-nas\/#primaryimage"},"thumbnailUrl":"http:\/\/skupinabonus.cz\/wp-content\/uploads\/2025\/10\/vizitka-25.jpg","datePublished":"2019-10-28T08:25:22+00:00","dateModified":"2025-10-17T06:36:28+00:00","description":"dechov\u00e1 hudba M\u011blni\u010danka , dechovka, M\u011blni\u010danka Pila\u0159","breadcrumb":{"@id":"https:\/\/skupinabonus.cz\/o-nas\/#breadcrumb"},"inLanguage":"cs","potentialAction":[{"@type":"ReadAction","target":["https:\/\/skupinabonus.cz\/o-nas\/"]}]},{"@type":"ImageObject","inLanguage":"cs","@id":"https:\/\/skupinabonus.cz\/o-nas\/#primaryimage","url":"http:\/\/skupinabonus.cz\/wp-content\/uploads\/2025\/10\/vizitka-25.jpg","contentUrl":"http:\/\/skupinabonus.cz\/wp-content\/uploads\/2025\/10\/vizitka-25.jpg"},{"@type":"BreadcrumbList","@id":"https:\/\/skupinabonus.cz\/o-nas\/#breadcrumb","itemListElement":[{"@type":"ListItem","position":1,"name":"Dom\u016f","item":"https:\/\/skupinabonus.cz\/o-nas\/"},{"@type":"ListItem","position":2,"name":"KONTAKT"}]},{"@type":"WebSite","@id":"https:\/\/skupinabonus.cz\/o-nas\/#website","url":"https:\/\/skupinabonus.cz\/o-nas\/","name":"HUDEBN\u00cd SKUPINA BONUS","description":"V\u00cdTEJTE NA STR\u00c1NK\u00c1CH HUDEBN\u00cd SKUPINY BONUS , KTER\u00c1 V\u00c1M DOK\u00c1\u017dE ZP\u0158\u00cdJEMNIT  N\u00c1LADU NA VA\u0160ICH AKC\u00cdCH jako jsou PLESY, Z\u00c1BAVY,  CE SOUKROM\u00c9HO CHARAKTERU....a dal\u0161\u00ed jin\u00e9 akSVATBY,  RODINN\u00c9 OSLAVY, AKce, kter\u00e9 je pot\u0159eba podbarvit p\u0159\u00edjemnou muzikou.","publisher":{"@id":"https:\/\/skupinabonus.cz\/o-nas\/#organization"},"alternateName":"SKUPINA BONUS","potentialAction":[{"@type":"SearchAction","target":{"@type":"EntryPoint","urlTemplate":"https:\/\/skupinabonus.cz\/o-nas\/?s={search_term_string}"},"query-input":{"@type":"PropertyValueSpecification","valueRequired":true,"valueName":"search_term_string"}}],"inLanguage":"cs"},{"@type":"Organization","@id":"https:\/\/skupinabonus.cz\/o-nas\/#organization","name":"Pavel Pila\u0159","url":"https:\/\/skupinabonus.cz\/o-nas\/","logo":{"@type":"ImageObject","inLanguage":"cs","@id":"https:\/\/skupinabonus.cz\/o-nas\/#\/schema\/logo\/image\/","url":"http:\/\/skupinabonus.cz\/wp-content\/uploads\/2019\/10\/B.jpg","contentUrl":"http:\/\/skupinabonus.cz\/wp-content\/uploads\/2019\/10\/B.jpg","width":93,"height":141,"caption":"Pavel Pila\u0159"},"image":{"@id":"https:\/\/skupinabonus.cz\/o-nas\/#\/schema\/logo\/image\/"},"sameAs":["https:\/\/www.facebook.com\/pavel.pilar.33\/"]}]}},"_links":{"self":[{"href":"https:\/\/skupinabonus.cz\/o-nas\/wp-json\/wp\/v2\/pages\/45","targetHints":{"allow":["GET"]}}],"collection":[{"href":"https:\/\/skupinabonus.cz\/o-nas\/wp-json\/wp\/v2\/pages"}],"about":[{"href":"https:\/\/skupinabonus.cz\/o-nas\/wp-json\/wp\/v2\/types\/page"}],"author":[{"embeddable":true,"href":"https:\/\/skupinabonus.cz\/o-nas\/wp-json\/wp\/v2\/users\/1"}],"replies":[{"embeddable":true,"href":"https:\/\/skupinabonus.cz\/o-nas\/wp-json\/wp\/v2\/comments?post=45"}],"version-history":[{"count":12,"href":"https:\/\/skupinabonus.cz\/o-nas\/wp-json\/wp\/v2\/pages\/45\/revisions"}],"predecessor-version":[{"id":2238,"href":"https:\/\/skupinabonus.cz\/o-nas\/wp-json\/wp\/v2\/pages\/45\/revisions\/2238"}],"wp:attachment":[{"href":"https:\/\/skupinabonus.cz\/o-nas\/wp-json\/wp\/v2\/media?parent=45"}],"curies":[{"name":"wp","href":"https:\/\/api.w.org\/{rel}","templated":true}]}}