{"id":46,"date":"2019-10-28T08:25:22","date_gmt":"2019-10-28T08:25:22","guid":{"rendered":"http:\/\/skupinabonus.cz\/?page_id=46"},"modified":"2019-11-04T14:36:46","modified_gmt":"2019-11-04T13:36:46","slug":"posbon","status":"publish","type":"page","link":"https:\/\/skupinabonus.cz\/o-nas\/posbon\/","title":{"rendered":"POSBON"},"content":{"rendered":"\n<figure class=\"wp-block-image\"><img decoding=\"async\" src=\"http:\/\/skupinabonus.cz\/_files\/%C5%99%C3%A1dek%20not.gif\" alt=\"\"\/><\/figure>\n\n\n\n<p><strong>Zde jsou st\u00e1lice, ale i&nbsp;nejnov\u011bj\u0161\u00ed&nbsp; muzikantsk\u00e1 uskupen\u00ed , kter\u00e1 v\u00e1s mohou pobavit, pot\u011b\u0161it , p\u0159ekvapit , se kter\u00fdmi i vystupuji a kter\u00e9 mohu i domluvit.<\/strong><\/p>\n\n\n\n<p><strong>Dojedn\u00e1n\u00ed jin\u00e9ho \u017e\u00e1nru i formac\u00ed je mo\u017en\u00e9, aby&nbsp;je bylo mo\u017eno pou\u017e\u00edt pro va\u0161e konkr\u00e9tn\u00ed akce.<\/strong><\/p>\n\n\n\n<figure class=\"wp-block-image\"><img decoding=\"async\" src=\"http:\/\/www.skupinabonus.cz\/_files\/g280212.gif\" alt=\"\"\/><\/figure>\n\n\n\n<p><strong>AKTU\u00c1LN\u011a:&nbsp;&nbsp;&nbsp;<\/strong><\/p>\n\n\n\n<h2 class=\"wp-block-heading\"><strong><a href=\"https:\/\/skupinabonus.cz\/dostavenicko-s-bonusem\/\">DOSTAVEN\u00cd\u010cKO s BONUSEM<\/a><\/strong><\/h2>\n\n\n\n<p><strong>&nbsp; &nbsp; &nbsp;Hudebn\u011b z\u00e1bavn\u00fd po\u0159ad&nbsp;<\/strong><\/p>\n\n\n\n<p><strong>p\u0159i kter\u00e9m v\u00e1s \u010dekaj\u00ed kr\u00e1sn\u00e9 vzpom\u00ednkov\u00e9 &nbsp;p\u00edsni\u010dky, P\u00edsni\u010dky na P\u0158\u00c1N\u00cd, ale hlavn\u011b&nbsp; s&nbsp;TANE\u010cKEM&nbsp;a ob\u010das se zn\u00e1m\u00fdmi i m\u00e9n\u011b zn\u00e1m\u00fdmi osobnostmi \u010desk\u00e9ho SHOWBYZNYSU&nbsp;<\/strong><strong>.<\/strong><\/p>\n\n\n\n<p><strong>Za\u010dali jsme&nbsp;&nbsp;2.10.2016&nbsp; a v roce 2018 pokra\u010dujeme v Lib\u011bchov\u011b, kde jsme m\u011bli hr\u00e1t je\u0161t\u011b  25.8.2019 , ale toto Dostaven\u00ed\u010dko se ji\u017e neuskute\u010dnilo<\/strong><\/p>\n\n\n\n<p><strong>Za\u010dali jsme 19.9.2019 v NERATOVIC\u00cdCH<\/strong><\/p>\n\n\n\n<p><strong>A od  29.9.2019. jsme i na Vehlovic\u00edch <\/strong><\/p>\n\n\n\n<p><\/p>\n\n\n\n<p><strong>NA \u00da\u010cASTN\u00cdKY DOSTAVEN\u00cd\u010cKA \u010cEKAJ\u00cd V\u017dDY ZAJ\u00cdMAV\u00c9 BONUSY-P\u0158EKVAPEN\u00cd<\/strong><\/p>\n\n\n\n<p><\/p>\n\n\n\n<p><strong>Vzhledem&nbsp; k omezen\u00e9mu po\u010dtu m\u00edst je pot\u0159eba zaj\u00edmat se o UM\u00cdST\u011aNKY, kter\u00e9 zaji\u0161\u0165uj\u00ed m\u00edsto k sezen\u00ed a n\u00e1rok na dal\u0161\u00ed bonusy.<\/strong><\/p>\n\n\n\n<figure class=\"wp-block-image\"><img decoding=\"async\" src=\"http:\/\/www.skupinabonus.cz\/_files\/10574\/7-2018.jpg\" alt=\"\"\/><\/figure>\n\n\n\n<p><strong>VYSTOUPEN\u00cd JE MO\u017dN\u00c9 DOMLUVIT I S HOSTEM Z \u010cESK\u00c9HO SHOWBYZNYSU( i ze \u0160l\u00e1gru) u v\u00e1s v obci.&nbsp;<\/strong><\/p>\n\n\n\n<p><strong>Info a rezervace na: 702 420 040&nbsp; nebo&nbsp;<a href=\"mailto:dosbon@seznam.cz\">dosbon@seznam.cz<\/a><\/strong><\/p>\n\n\n\n<figure class=\"wp-block-image\"><img decoding=\"async\" src=\"http:\/\/skupinabonus.cz\/_files\/%C5%99%C3%A1dek%20not.gif\" alt=\"\"\/><\/figure>\n\n\n\n<h2 class=\"wp-block-heading\"><strong>ADVENT s BONUSEM<\/strong><\/h2>\n\n\n\n<p><strong>P\u0159edv\u00e1no\u010dn\u00ed hodinka p\u00edsni\u010dek a vypr\u00e1v\u011bn\u00ed s v\u00e1no\u010dn\u00ed t\u00e9matikou<\/strong><\/p>\n\n\n\n<figure class=\"wp-block-image\"><img decoding=\"async\" src=\"http:\/\/skupinabonus.cz\/_files\/%C5%99%C3%A1dek%20not.gif\" alt=\"\"\/><\/figure>\n\n\n\n<h2 class=\"wp-block-heading\"><strong> PRO SENIORY<\/strong>  v DS , ale nejen pro n\u011b<\/h2>\n\n\n\n<p><strong>&#8222;TA NA\u0160E P\u00cdSNI\u010cKA NEJEN \u010cESK\u00c1 &#8222;<\/strong><\/p>\n\n\n\n<p><strong><\/strong><strong>Ka\u017ed\u00e1 melodick\u00e1&nbsp;n\u011bco\u0159\u00edkaj\u00edc\u00ed&nbsp;hudba je p\u0159\u00edjemn\u00e1 k poslouch\u00e1n\u00ed nebo zazp\u00edv\u00e1n\u00ed .<\/strong><\/p>\n\n\n\n<p><strong>90 minutov\u00e9 vystoupen\u00ed&nbsp;je prov\u00e1zeno pov\u00edd\u00e1n\u00edm, vtipy a r\u016fzn\u00fdmi historkami&nbsp; &#8222;nejen&#8220;&nbsp; z nat\u00e1\u010den\u00ed.<\/strong><\/p>\n\n\n\n<p><strong>INFO:&nbsp;&nbsp;&nbsp; 702 420 040&nbsp;&nbsp; &nbsp;&nbsp;<a href=\"mailto:posbon@seznam.cz\">posbon@seznam.cz<\/a>&nbsp;<\/strong><\/p>\n\n\n\n<figure class=\"wp-block-image\"><img decoding=\"async\" src=\"http:\/\/skupinabonus.cz\/_files\/%C5%99%C3%A1dek%20not.gif\" alt=\"\"\/><\/figure>\n\n\n\n<h2 class=\"wp-block-heading\"><strong>POSEZEN\u00cd s bonusem<\/strong><\/h2>\n\n\n\n<p><strong>DV\u011a &nbsp;HODINY PLN\u00c9 P\u00cdSNI\u010cEK , VYPR\u00c1V\u011aN\u00cd A BONUSU NAV\u00cdC &nbsp; &nbsp;&nbsp;***VSTUPN\u00c9&nbsp; ??,-K\u010d***&nbsp;&nbsp;<\/strong><\/p>\n\n\n\n<p><strong>*** BONUS&nbsp;=&nbsp;P\u0158EKVAPEN\u00cd ***&nbsp;&nbsp;&nbsp;&nbsp;<\/strong><\/p>\n\n\n\n<figure class=\"wp-block-image\"><img decoding=\"async\" src=\"http:\/\/www.skupinabonus.cz\/_files\/psb%202015.jpg\" alt=\"Posezen\u00ed s bonusem\"\/><\/figure>\n\n\n\n<p><strong>Nutno velmi dob\u0159e domluvit dop\u0159edu,abychom zamezili nedorozum\u011bn\u00ed.&nbsp;<\/strong><\/p>\n\n\n\n<p><strong>INFO:&nbsp;&nbsp;&nbsp; 702 420 040&nbsp;&nbsp; &nbsp;&nbsp;<\/strong><strong><a href=\"mailto:posbon@seznam.cz\">posbon@seznam.cz<\/a>&nbsp;<\/strong><\/p>\n\n\n\n<figure class=\"wp-block-image\"><img decoding=\"async\" src=\"http:\/\/skupinabonus.cz\/_files\/%C5%99%C3%A1dek%20not.gif\" alt=\"\"\/><\/figure>\n\n\n\n<h2 class=\"wp-block-heading\"><strong>lidov\u00fd \u0161raml&nbsp; &nbsp;M\u011aLNICK\u00c1 PARTI\u010cKA<\/strong><\/h2>\n\n\n\n<figure class=\"wp-block-image\"><img decoding=\"async\" src=\"http:\/\/www.skupinabonus.cz\/tiny_mce\/plugins\/emotions\/img\/smiley-smile.gif\" alt=\"Smile\"\/><\/figure>\n\n\n\n<p><strong>FORMACE MUZIKANT\u016e,&nbsp;&nbsp;HRAJ\u00cdC\u00cdCH HLAVN\u011a&nbsp;&nbsp;LIDOV\u00c9 P\u00cdSNI\u010cKY&nbsp; K PIVE\u010cKU, TANE\u010cKU NEBO JEN TAK K ZAZP\u00cdV\u00c1N\u00cd s HARMONIKOU&nbsp;<\/strong><\/p>\n\n\n\n<h4 class=\"wp-block-heading\"><strong>PRO LETO\u0160N\u00cd ROK M\u00c1ME SPECI\u00c1LN\u00cd cca 60 &#8211; 90 min. PROGRAM&nbsp; _ STAROPRA\u017dSK\u00ddCH P\u00cdSNI\u010cEK ( s vozembouchem i valchou ) s n\u00e1zvem&nbsp;<a rel=\"noreferrer noopener\" href=\"https:\/\/youtu.be\/z8E-_x26fcU\" target=\"_blank\">\u0160LAPEn\u00e1mTO<\/a><\/strong><\/h4>\n\n\n\n<p><strong>INFO:&nbsp;&nbsp;&nbsp; 702 420 040&nbsp;&nbsp; &nbsp;&nbsp;<a href=\"mailto:posbon@seznam.cz\">posbon@seznam.cz<\/a>&nbsp;<\/strong><\/p>\n\n\n\n<figure class=\"wp-block-image\"><img decoding=\"async\" src=\"http:\/\/www.skupinabonus.cz\/_files\/cela_kapela_ur.jpg\" alt=\"cel\u00e1 kapela\"\/><\/figure>\n\n\n\n<figure class=\"wp-block-image\"><img decoding=\"async\" src=\"http:\/\/skupinabonus.cz\/_files\/%C5%99%C3%A1dek%20not.gif\" alt=\"\"\/><\/figure>\n\n\n\n<h2 class=\"wp-block-heading\"><strong><a href=\"http:\/\/www.skupinabonus.cz\/uvod\/melnicanka\/\">PRO&nbsp;MILOVN\u00cdKY DECHOVKY<\/a><\/strong><\/h2>\n\n\n\n<h2 class=\"wp-block-heading\"><strong><a href=\"http:\/\/www.skupinabonus.cz\/_files\/10565\/20171203152417(2)%20(1).jpg\">M\u011aLNI\u010cANKA<\/a>&nbsp;&#8211; dechov\u00e1 hudba, UM\u00cd ZAHR\u00c1T K POSLECHU, TANCI I DO POCHODU se sv\u00fdmi solisty STANDOU TATAREM a JANOU VEDRALOVOU.<\/strong><\/h2>\n\n\n\n<figure class=\"wp-block-image is-resized\"><img loading=\"lazy\" decoding=\"async\" src=\"https:\/\/skupinabonus.cz\/wp-content\/uploads\/2019\/11\/1-2-1024x377.jpg\" alt=\"\" class=\"wp-image-213\" width=\"634\" height=\"233\" srcset=\"https:\/\/skupinabonus.cz\/wp-content\/uploads\/2019\/11\/1-2-1024x377.jpg 1024w, https:\/\/skupinabonus.cz\/wp-content\/uploads\/2019\/11\/1-2-300x110.jpg 300w, https:\/\/skupinabonus.cz\/wp-content\/uploads\/2019\/11\/1-2-768x283.jpg 768w, https:\/\/skupinabonus.cz\/wp-content\/uploads\/2019\/11\/1-2-624x230.jpg 624w\" sizes=\"auto, (max-width: 634px) 100vw, 634px\" \/><figcaption>\u0160\u0165astn\u00e1 k\u0159\u00eddlovka  27.9.2018<\/figcaption><\/figure>\n\n\n\n<p><strong>z\u00e1stupce: PAVEL PILA\u0158<\/strong><\/p>\n\n\n\n<p><strong>Info: &nbsp;&nbsp;<\/strong><strong>702 420 040 &nbsp; &nbsp;&nbsp;<\/strong><strong>&nbsp;<a href=\"mailto:posbon@seznam.cz\">posbon@seznam.cz<\/a>&nbsp;<\/strong><\/p>\n\n\n\n<figure class=\"wp-block-image\"><img decoding=\"async\" src=\"http:\/\/skupinabonus.cz\/_files\/%C5%99%C3%A1dek%20not.gif\" alt=\"\"\/><\/figure>\n\n\n\n<h2 class=\"wp-block-heading\"><strong><a href=\"http:\/\/www.skupinabonus.cz\/_files\/p1090895.jpg\" target=\"_blank\" rel=\"noreferrer noopener\">M\u00c1TE R\u00c1DI HELIGONKY ?<\/a><\/strong><\/h2>\n\n\n\n<h2 class=\"wp-block-heading\"><strong>SPOLUPRACUJEME I S FORMAC\u00cd &#8211; STAROPRA\u017d\u0160T\u00cd HELIGONK\u00c1\u0158I<\/strong><\/h2>\n\n\n\n<h1 class=\"wp-block-heading\"><a href=\"https:\/\/www.youtube.com\/watch?v=JAzsRxPlpiA\" target=\"_blank\" rel=\"noreferrer noopener\">Staropra\u017e\u0161t\u00ed heligonk\u00e1\u0159i Divadlo P\u00edsek 27.12.2017 Pep\u00ed\u010dku te\u0161 se<\/a><\/h1>\n\n\n\n<p><strong>INFO:&nbsp;&nbsp;&nbsp; 702 420 040 &nbsp; &nbsp;&nbsp;<\/strong><strong>&nbsp;&nbsp;<a href=\"mailto:posbon@seznam.cz\">posbon@seznam.cz<\/a><\/strong><\/p>\n\n\n\n<figure class=\"wp-block-image\"><img decoding=\"async\" src=\"http:\/\/www.skupinabonus.cz\/_files\/heligonky%20web.jpg\" alt=\"heligonky\"\/><\/figure>\n\n\n\n<h2 class=\"wp-block-heading\"><strong><a href=\"http:\/\/www.skupinabonus.cz\/_files\/z%C3%81mek%202%20web.jpg\" target=\"_blank\" rel=\"noreferrer noopener\">TRUBA\u010cI A JEJICH FANF\u00c1RY<\/a><\/strong><\/h2>\n\n\n\n<p><strong>Pro slavnostn\u00ed p\u0159\u00edle\u017eitosti<\/strong><\/p>\n\n\n\n<p><strong>INFO:&nbsp;&nbsp;&nbsp; 702 420 040 &nbsp; &nbsp; &nbsp;<\/strong><strong>&nbsp;<a href=\"mailto:posbon@seznam.cz\">posbon@seznam.cz<\/a><\/strong><\/p>\n\n\n\n<figure class=\"wp-block-image\"><img decoding=\"async\" src=\"http:\/\/www.skupinabonus.cz\/_files\/z%C3%81mek%202%20web.jpg\" alt=\"TRUBA\u010cI\"\/><\/figure>\n\n\n\n<p>ilustra\u010dn\u00ed foto<\/p>\n\n\n\n<p><strong>******************************************************************<\/strong><\/p>\n\n\n\n<p><strong>DAL\u0160\u00cd MO\u017dNOST\u00cd JE I KVARTET NEBO KVINTET,<\/strong><\/p>\n\n\n\n<p><strong>kde&nbsp;&nbsp;<\/strong><strong><a href=\"http:\/\/www.skupinabonus.cz\/_files\/10565\/5+s.jpg\" target=\"_blank\" rel=\"noreferrer noopener\">Spolupracujeme i se sborem ZU\u0160 M\u011bln\u00edk<\/a>&nbsp;nejen na pietn\u00edch akc\u00edch<\/strong><\/p>\n\n\n\n<p><strong>pracovn\u00ed n\u00e1zev&nbsp;&nbsp;<a href=\"http:\/\/www.skupinabonus.cz\/_files\/10565\/5+s.jpg\" target=\"_blank\" rel=\"noreferrer noopener\">KVINTET&nbsp; &nbsp; &nbsp;5+S<\/a><\/strong><\/p>\n\n\n\n<figure class=\"wp-block-image\"><img decoding=\"async\" src=\"http:\/\/www.skupinabonus.cz\/_files\/10565\/images.jpg\" alt=\"Kvintet se sborem\"\/><\/figure>\n\n\n\n<p><strong>&nbsp;nebo jako<\/strong><\/p>\n\n\n\n<p><strong>D\u016eSTOJN\u00dd HUDEBN\u00cd DOPROVOD NA POH\u0158BU<\/strong><\/p>\n\n\n\n<p><strong>jak p\u0159i ob\u0159adu,tak i s pr\u016fvodem na h\u0159bitov<\/strong><\/p>\n\n\n\n<p><strong>702 420 040<\/strong><\/p>\n\n\n\n<p><strong><a href=\"mailto:posbon@seznam.cz\">posbon@seznam.cz<\/a><\/strong><\/p>\n","protected":false},"excerpt":{"rendered":"<p>Zde jsou st\u00e1lice, ale i&nbsp;nejnov\u011bj\u0161\u00ed&nbsp; muzikantsk\u00e1 uskupen\u00ed , kter\u00e1 v\u00e1s mohou pobavit, pot\u011b\u0161it , p\u0159ekvapit , se kter\u00fdmi i vystupuji a kter\u00e9 mohu i domluvit. Dojedn\u00e1n\u00ed jin\u00e9ho \u017e\u00e1nru i formac\u00ed je mo\u017en\u00e9, aby&nbsp;je bylo mo\u017eno pou\u017e\u00edt pro va\u0161e konkr\u00e9tn\u00ed akce. AKTU\u00c1LN\u011a:&nbsp;&nbsp;&nbsp; DOSTAVEN\u00cd\u010cKO s BONUSEM &nbsp; &nbsp; &nbsp;Hudebn\u011b z\u00e1bavn\u00fd po\u0159ad&nbsp; p\u0159i kter\u00e9m v\u00e1s \u010dekaj\u00ed kr\u00e1sn\u00e9 vzpom\u00ednkov\u00e9 [&hellip;]<\/p>\n","protected":false},"author":1,"featured_media":0,"parent":0,"menu_order":0,"comment_status":"closed","ping_status":"closed","template":"","meta":{"footnotes":""},"class_list":["post-46","page","type-page","status-publish","hentry"],"yoast_head":"<!-- This site is optimized with the Yoast SEO plugin v24.9 - https:\/\/yoast.com\/wordpress\/plugins\/seo\/ -->\n<title>M\u011blni\u010danka, https:\/\/skupinabonus.cz\/o-nas\/?page_id=140, - HUDEBN\u00cd SKUPINA BONUS<\/title>\n<meta name=\"description\" content=\"dechov\u00e1 hudba M\u011blni\u010danka , dechovka, M\u011blni\u010danka Pila\u0159\" \/>\n<meta name=\"robots\" content=\"index, follow, max-snippet:-1, max-image-preview:large, max-video-preview:-1\" \/>\n<link rel=\"canonical\" href=\"https:\/\/skupinabonus.cz\/o-nas\/posbon\/\" \/>\n<meta property=\"og:locale\" content=\"cs_CZ\" \/>\n<meta property=\"og:type\" content=\"article\" \/>\n<meta property=\"og:title\" content=\"M\u011blni\u010danka, https:\/\/skupinabonus.cz\/o-nas\/?page_id=140, - HUDEBN\u00cd SKUPINA BONUS\" \/>\n<meta property=\"og:description\" content=\"dechov\u00e1 hudba M\u011blni\u010danka , dechovka, M\u011blni\u010danka Pila\u0159\" \/>\n<meta property=\"og:url\" content=\"https:\/\/skupinabonus.cz\/o-nas\/posbon\/\" \/>\n<meta property=\"og:site_name\" content=\"HUDEBN\u00cd SKUPINA BONUS\" \/>\n<meta property=\"article:publisher\" content=\"https:\/\/www.facebook.com\/pavel.pilar.33\/\" \/>\n<meta property=\"article:modified_time\" content=\"2019-11-04T13:36:46+00:00\" \/>\n<meta property=\"og:image\" content=\"http:\/\/skupinabonus.cz\/_files\/%C5%99%C3%A1dek%20not.gif\" \/>\n<meta name=\"twitter:card\" content=\"summary_large_image\" \/>\n<meta name=\"twitter:label1\" content=\"Odhadovan\u00e1 doba \u010dten\u00ed\" \/>\n\t<meta name=\"twitter:data1\" content=\"3 minuty\" \/>\n<script type=\"application\/ld+json\" class=\"yoast-schema-graph\">{\"@context\":\"https:\/\/schema.org\",\"@graph\":[{\"@type\":\"WebPage\",\"@id\":\"https:\/\/skupinabonus.cz\/o-nas\/posbon\/\",\"url\":\"https:\/\/skupinabonus.cz\/o-nas\/posbon\/\",\"name\":\"M\u011blni\u010danka, https:\/\/skupinabonus.cz\/o-nas\/?page_id=140, - HUDEBN\u00cd SKUPINA BONUS\",\"isPartOf\":{\"@id\":\"https:\/\/skupinabonus.cz\/o-nas\/#website\"},\"primaryImageOfPage\":{\"@id\":\"https:\/\/skupinabonus.cz\/o-nas\/posbon\/#primaryimage\"},\"image\":{\"@id\":\"https:\/\/skupinabonus.cz\/o-nas\/posbon\/#primaryimage\"},\"thumbnailUrl\":\"http:\/\/skupinabonus.cz\/_files\/%C5%99%C3%A1dek%20not.gif\",\"datePublished\":\"2019-10-28T08:25:22+00:00\",\"dateModified\":\"2019-11-04T13:36:46+00:00\",\"description\":\"dechov\u00e1 hudba M\u011blni\u010danka , dechovka, M\u011blni\u010danka Pila\u0159\",\"breadcrumb\":{\"@id\":\"https:\/\/skupinabonus.cz\/o-nas\/posbon\/#breadcrumb\"},\"inLanguage\":\"cs\",\"potentialAction\":[{\"@type\":\"ReadAction\",\"target\":[\"https:\/\/skupinabonus.cz\/o-nas\/posbon\/\"]}]},{\"@type\":\"ImageObject\",\"inLanguage\":\"cs\",\"@id\":\"https:\/\/skupinabonus.cz\/o-nas\/posbon\/#primaryimage\",\"url\":\"http:\/\/skupinabonus.cz\/_files\/%C5%99%C3%A1dek%20not.gif\",\"contentUrl\":\"http:\/\/skupinabonus.cz\/_files\/%C5%99%C3%A1dek%20not.gif\"},{\"@type\":\"BreadcrumbList\",\"@id\":\"https:\/\/skupinabonus.cz\/o-nas\/posbon\/#breadcrumb\",\"itemListElement\":[{\"@type\":\"ListItem\",\"position\":1,\"name\":\"Dom\u016f\",\"item\":\"https:\/\/skupinabonus.cz\/o-nas\/\"},{\"@type\":\"ListItem\",\"position\":2,\"name\":\"POSBON\"}]},{\"@type\":\"WebSite\",\"@id\":\"https:\/\/skupinabonus.cz\/o-nas\/#website\",\"url\":\"https:\/\/skupinabonus.cz\/o-nas\/\",\"name\":\"HUDEBN\u00cd SKUPINA BONUS\",\"description\":\"V\u00cdTEJTE NA STR\u00c1NK\u00c1CH HUDEBN\u00cd SKUPINY BONUS , KTER\u00c1 V\u00c1M DOK\u00c1\u017dE ZP\u0158\u00cdJEMNIT  N\u00c1LADU NA VA\u0160ICH AKC\u00cdCH jako jsou PLESY, Z\u00c1BAVY,  CE SOUKROM\u00c9HO CHARAKTERU....a dal\u0161\u00ed jin\u00e9 akSVATBY,  RODINN\u00c9 OSLAVY, AKce, kter\u00e9 je pot\u0159eba podbarvit p\u0159\u00edjemnou muzikou.\",\"publisher\":{\"@id\":\"https:\/\/skupinabonus.cz\/o-nas\/#organization\"},\"alternateName\":\"SKUPINA BONUS\",\"potentialAction\":[{\"@type\":\"SearchAction\",\"target\":{\"@type\":\"EntryPoint\",\"urlTemplate\":\"https:\/\/skupinabonus.cz\/o-nas\/?s={search_term_string}\"},\"query-input\":{\"@type\":\"PropertyValueSpecification\",\"valueRequired\":true,\"valueName\":\"search_term_string\"}}],\"inLanguage\":\"cs\"},{\"@type\":\"Organization\",\"@id\":\"https:\/\/skupinabonus.cz\/o-nas\/#organization\",\"name\":\"Pavel Pila\u0159\",\"url\":\"https:\/\/skupinabonus.cz\/o-nas\/\",\"logo\":{\"@type\":\"ImageObject\",\"inLanguage\":\"cs\",\"@id\":\"https:\/\/skupinabonus.cz\/o-nas\/#\/schema\/logo\/image\/\",\"url\":\"http:\/\/skupinabonus.cz\/wp-content\/uploads\/2019\/10\/B.jpg\",\"contentUrl\":\"http:\/\/skupinabonus.cz\/wp-content\/uploads\/2019\/10\/B.jpg\",\"width\":93,\"height\":141,\"caption\":\"Pavel Pila\u0159\"},\"image\":{\"@id\":\"https:\/\/skupinabonus.cz\/o-nas\/#\/schema\/logo\/image\/\"},\"sameAs\":[\"https:\/\/www.facebook.com\/pavel.pilar.33\/\"]}]}<\/script>\n<!-- \/ Yoast SEO plugin. -->","yoast_head_json":{"title":"M\u011blni\u010danka, https:\/\/skupinabonus.cz\/o-nas\/?page_id=140, - HUDEBN\u00cd SKUPINA BONUS","description":"dechov\u00e1 hudba M\u011blni\u010danka , dechovka, M\u011blni\u010danka Pila\u0159","robots":{"index":"index","follow":"follow","max-snippet":"max-snippet:-1","max-image-preview":"max-image-preview:large","max-video-preview":"max-video-preview:-1"},"canonical":"https:\/\/skupinabonus.cz\/o-nas\/posbon\/","og_locale":"cs_CZ","og_type":"article","og_title":"M\u011blni\u010danka, https:\/\/skupinabonus.cz\/o-nas\/?page_id=140, - HUDEBN\u00cd SKUPINA BONUS","og_description":"dechov\u00e1 hudba M\u011blni\u010danka , dechovka, M\u011blni\u010danka Pila\u0159","og_url":"https:\/\/skupinabonus.cz\/o-nas\/posbon\/","og_site_name":"HUDEBN\u00cd SKUPINA BONUS","article_publisher":"https:\/\/www.facebook.com\/pavel.pilar.33\/","article_modified_time":"2019-11-04T13:36:46+00:00","og_image":[{"url":"http:\/\/skupinabonus.cz\/_files\/%C5%99%C3%A1dek%20not.gif","type":"","width":"","height":""}],"twitter_card":"summary_large_image","twitter_misc":{"Odhadovan\u00e1 doba \u010dten\u00ed":"3 minuty"},"schema":{"@context":"https:\/\/schema.org","@graph":[{"@type":"WebPage","@id":"https:\/\/skupinabonus.cz\/o-nas\/posbon\/","url":"https:\/\/skupinabonus.cz\/o-nas\/posbon\/","name":"M\u011blni\u010danka, https:\/\/skupinabonus.cz\/o-nas\/?page_id=140, - HUDEBN\u00cd SKUPINA BONUS","isPartOf":{"@id":"https:\/\/skupinabonus.cz\/o-nas\/#website"},"primaryImageOfPage":{"@id":"https:\/\/skupinabonus.cz\/o-nas\/posbon\/#primaryimage"},"image":{"@id":"https:\/\/skupinabonus.cz\/o-nas\/posbon\/#primaryimage"},"thumbnailUrl":"http:\/\/skupinabonus.cz\/_files\/%C5%99%C3%A1dek%20not.gif","datePublished":"2019-10-28T08:25:22+00:00","dateModified":"2019-11-04T13:36:46+00:00","description":"dechov\u00e1 hudba M\u011blni\u010danka , dechovka, M\u011blni\u010danka Pila\u0159","breadcrumb":{"@id":"https:\/\/skupinabonus.cz\/o-nas\/posbon\/#breadcrumb"},"inLanguage":"cs","potentialAction":[{"@type":"ReadAction","target":["https:\/\/skupinabonus.cz\/o-nas\/posbon\/"]}]},{"@type":"ImageObject","inLanguage":"cs","@id":"https:\/\/skupinabonus.cz\/o-nas\/posbon\/#primaryimage","url":"http:\/\/skupinabonus.cz\/_files\/%C5%99%C3%A1dek%20not.gif","contentUrl":"http:\/\/skupinabonus.cz\/_files\/%C5%99%C3%A1dek%20not.gif"},{"@type":"BreadcrumbList","@id":"https:\/\/skupinabonus.cz\/o-nas\/posbon\/#breadcrumb","itemListElement":[{"@type":"ListItem","position":1,"name":"Dom\u016f","item":"https:\/\/skupinabonus.cz\/o-nas\/"},{"@type":"ListItem","position":2,"name":"POSBON"}]},{"@type":"WebSite","@id":"https:\/\/skupinabonus.cz\/o-nas\/#website","url":"https:\/\/skupinabonus.cz\/o-nas\/","name":"HUDEBN\u00cd SKUPINA BONUS","description":"V\u00cdTEJTE NA STR\u00c1NK\u00c1CH HUDEBN\u00cd SKUPINY BONUS , KTER\u00c1 V\u00c1M DOK\u00c1\u017dE ZP\u0158\u00cdJEMNIT  N\u00c1LADU NA VA\u0160ICH AKC\u00cdCH jako jsou PLESY, Z\u00c1BAVY,  CE SOUKROM\u00c9HO CHARAKTERU....a dal\u0161\u00ed jin\u00e9 akSVATBY,  RODINN\u00c9 OSLAVY, AKce, kter\u00e9 je pot\u0159eba podbarvit p\u0159\u00edjemnou muzikou.","publisher":{"@id":"https:\/\/skupinabonus.cz\/o-nas\/#organization"},"alternateName":"SKUPINA BONUS","potentialAction":[{"@type":"SearchAction","target":{"@type":"EntryPoint","urlTemplate":"https:\/\/skupinabonus.cz\/o-nas\/?s={search_term_string}"},"query-input":{"@type":"PropertyValueSpecification","valueRequired":true,"valueName":"search_term_string"}}],"inLanguage":"cs"},{"@type":"Organization","@id":"https:\/\/skupinabonus.cz\/o-nas\/#organization","name":"Pavel Pila\u0159","url":"https:\/\/skupinabonus.cz\/o-nas\/","logo":{"@type":"ImageObject","inLanguage":"cs","@id":"https:\/\/skupinabonus.cz\/o-nas\/#\/schema\/logo\/image\/","url":"http:\/\/skupinabonus.cz\/wp-content\/uploads\/2019\/10\/B.jpg","contentUrl":"http:\/\/skupinabonus.cz\/wp-content\/uploads\/2019\/10\/B.jpg","width":93,"height":141,"caption":"Pavel Pila\u0159"},"image":{"@id":"https:\/\/skupinabonus.cz\/o-nas\/#\/schema\/logo\/image\/"},"sameAs":["https:\/\/www.facebook.com\/pavel.pilar.33\/"]}]}},"_links":{"self":[{"href":"https:\/\/skupinabonus.cz\/o-nas\/wp-json\/wp\/v2\/pages\/46","targetHints":{"allow":["GET"]}}],"collection":[{"href":"https:\/\/skupinabonus.cz\/o-nas\/wp-json\/wp\/v2\/pages"}],"about":[{"href":"https:\/\/skupinabonus.cz\/o-nas\/wp-json\/wp\/v2\/types\/page"}],"author":[{"embeddable":true,"href":"https:\/\/skupinabonus.cz\/o-nas\/wp-json\/wp\/v2\/users\/1"}],"replies":[{"embeddable":true,"href":"https:\/\/skupinabonus.cz\/o-nas\/wp-json\/wp\/v2\/comments?post=46"}],"version-history":[{"count":9,"href":"https:\/\/skupinabonus.cz\/o-nas\/wp-json\/wp\/v2\/pages\/46\/revisions"}],"predecessor-version":[{"id":214,"href":"https:\/\/skupinabonus.cz\/o-nas\/wp-json\/wp\/v2\/pages\/46\/revisions\/214"}],"wp:attachment":[{"href":"https:\/\/skupinabonus.cz\/o-nas\/wp-json\/wp\/v2\/media?parent=46"}],"curies":[{"name":"wp","href":"https:\/\/api.w.org\/{rel}","templated":true}]}}