{"id":47,"date":"2019-10-28T08:25:22","date_gmt":"2019-10-28T08:25:22","guid":{"rendered":"http:\/\/skupinabonus.cz\/?page_id=47"},"modified":"2019-11-04T14:26:51","modified_gmt":"2019-11-04T13:26:51","slug":"dostavenicko-s-bonusem","status":"publish","type":"page","link":"https:\/\/skupinabonus.cz\/o-nas\/dostavenicko-s-bonusem\/","title":{"rendered":"DOSTAVEN\u00cd\u010cKO s BONUSEM"},"content":{"rendered":"\n<figure class=\"wp-block-image is-resized\"><img loading=\"lazy\" decoding=\"async\" src=\"https:\/\/skupinabonus.cz\/wp-content\/uploads\/2019\/11\/smajl\u00ed\u010dek.gif\" alt=\"\" class=\"wp-image-210\" width=\"627\" height=\"220\"\/><\/figure>\n\n\n\n<h2 class=\"wp-block-heading\"><strong>AKCE V ROCE 2019<\/strong><\/h2>\n\n\n\n<figure class=\"wp-block-image\"><img loading=\"lazy\" decoding=\"async\" width=\"710\" height=\"974\" src=\"https:\/\/skupinabonus.cz\/wp-content\/uploads\/2019\/10\/Di\u00e1\u0159-akc\u00ed-11-12-2019-.jpg\" alt=\"\" class=\"wp-image-81\" srcset=\"https:\/\/skupinabonus.cz\/wp-content\/uploads\/2019\/10\/Di\u00e1\u0159-akc\u00ed-11-12-2019-.jpg 710w, https:\/\/skupinabonus.cz\/wp-content\/uploads\/2019\/10\/Di\u00e1\u0159-akc\u00ed-11-12-2019--219x300.jpg 219w, https:\/\/skupinabonus.cz\/wp-content\/uploads\/2019\/10\/Di\u00e1\u0159-akc\u00ed-11-12-2019--624x856.jpg 624w\" sizes=\"auto, (max-width: 710px) 100vw, 710px\" \/><\/figure>\n\n\n\n<figure class=\"wp-block-image is-resized\"><img loading=\"lazy\" decoding=\"async\" src=\"https:\/\/skupinabonus.cz\/wp-content\/uploads\/2019\/11\/bonus-t\u0159pytiv\u00fd-3.gif\" alt=\"\" class=\"wp-image-201\" width=\"631\" height=\"180\"\/><\/figure>\n","protected":false},"excerpt":{"rendered":"<p>AKCE V ROCE 2019<\/p>\n","protected":false},"author":1,"featured_media":0,"parent":0,"menu_order":0,"comment_status":"closed","ping_status":"closed","template":"","meta":{"footnotes":""},"class_list":["post-47","page","type-page","status-publish","hentry"],"yoast_head":"<!-- This site is optimized with the Yoast SEO plugin v24.9 - https:\/\/yoast.com\/wordpress\/plugins\/seo\/ -->\n<title>M\u011blni\u010danka, https:\/\/skupinabonus.cz\/o-nas\/?page_id=140, - HUDEBN\u00cd SKUPINA BONUS<\/title>\n<meta name=\"description\" content=\"dechov\u00e1 hudba M\u011blni\u010danka , dechovka, M\u011blni\u010danka Pila\u0159\" \/>\n<meta name=\"robots\" content=\"index, follow, max-snippet:-1, max-image-preview:large, max-video-preview:-1\" \/>\n<link rel=\"canonical\" href=\"https:\/\/skupinabonus.cz\/o-nas\/dostavenicko-s-bonusem\/\" \/>\n<meta property=\"og:locale\" content=\"cs_CZ\" \/>\n<meta property=\"og:type\" content=\"article\" \/>\n<meta property=\"og:title\" content=\"M\u011blni\u010danka, https:\/\/skupinabonus.cz\/o-nas\/?page_id=140, - HUDEBN\u00cd SKUPINA BONUS\" \/>\n<meta property=\"og:description\" content=\"dechov\u00e1 hudba M\u011blni\u010danka , dechovka, M\u011blni\u010danka Pila\u0159\" \/>\n<meta property=\"og:url\" content=\"https:\/\/skupinabonus.cz\/o-nas\/dostavenicko-s-bonusem\/\" \/>\n<meta property=\"og:site_name\" content=\"HUDEBN\u00cd SKUPINA BONUS\" \/>\n<meta property=\"article:publisher\" content=\"https:\/\/www.facebook.com\/pavel.pilar.33\/\" \/>\n<meta property=\"article:modified_time\" content=\"2019-11-04T13:26:51+00:00\" \/>\n<meta property=\"og:image\" content=\"https:\/\/skupinabonus.cz\/wp-content\/uploads\/2019\/11\/bonus-t\u0159pytiv\u00fd.gif\" \/>\n\t<meta property=\"og:image:width\" content=\"558\" \/>\n\t<meta property=\"og:image:height\" content=\"159\" \/>\n\t<meta property=\"og:image:type\" content=\"image\/gif\" \/>\n<meta name=\"twitter:card\" content=\"summary_large_image\" \/>\n<script type=\"application\/ld+json\" class=\"yoast-schema-graph\">{\"@context\":\"https:\/\/schema.org\",\"@graph\":[{\"@type\":\"WebPage\",\"@id\":\"https:\/\/skupinabonus.cz\/o-nas\/dostavenicko-s-bonusem\/\",\"url\":\"https:\/\/skupinabonus.cz\/o-nas\/dostavenicko-s-bonusem\/\",\"name\":\"M\u011blni\u010danka, https:\/\/skupinabonus.cz\/o-nas\/?page_id=140, - HUDEBN\u00cd SKUPINA BONUS\",\"isPartOf\":{\"@id\":\"https:\/\/skupinabonus.cz\/o-nas\/#website\"},\"datePublished\":\"2019-10-28T08:25:22+00:00\",\"dateModified\":\"2019-11-04T13:26:51+00:00\",\"description\":\"dechov\u00e1 hudba M\u011blni\u010danka , dechovka, M\u011blni\u010danka Pila\u0159\",\"breadcrumb\":{\"@id\":\"https:\/\/skupinabonus.cz\/o-nas\/dostavenicko-s-bonusem\/#breadcrumb\"},\"inLanguage\":\"cs\",\"potentialAction\":[{\"@type\":\"ReadAction\",\"target\":[\"https:\/\/skupinabonus.cz\/o-nas\/dostavenicko-s-bonusem\/\"]}]},{\"@type\":\"BreadcrumbList\",\"@id\":\"https:\/\/skupinabonus.cz\/o-nas\/dostavenicko-s-bonusem\/#breadcrumb\",\"itemListElement\":[{\"@type\":\"ListItem\",\"position\":1,\"name\":\"Dom\u016f\",\"item\":\"https:\/\/skupinabonus.cz\/o-nas\/\"},{\"@type\":\"ListItem\",\"position\":2,\"name\":\"DOSTAVEN\u00cd\u010cKO s BONUSEM\"}]},{\"@type\":\"WebSite\",\"@id\":\"https:\/\/skupinabonus.cz\/o-nas\/#website\",\"url\":\"https:\/\/skupinabonus.cz\/o-nas\/\",\"name\":\"HUDEBN\u00cd SKUPINA BONUS\",\"description\":\"V\u00cdTEJTE NA STR\u00c1NK\u00c1CH HUDEBN\u00cd SKUPINY BONUS , KTER\u00c1 V\u00c1M DOK\u00c1\u017dE ZP\u0158\u00cdJEMNIT  N\u00c1LADU NA VA\u0160ICH AKC\u00cdCH jako jsou PLESY, Z\u00c1BAVY,  CE SOUKROM\u00c9HO CHARAKTERU....a dal\u0161\u00ed jin\u00e9 akSVATBY,  RODINN\u00c9 OSLAVY, AKce, kter\u00e9 je pot\u0159eba podbarvit p\u0159\u00edjemnou muzikou.\",\"publisher\":{\"@id\":\"https:\/\/skupinabonus.cz\/o-nas\/#organization\"},\"alternateName\":\"SKUPINA BONUS\",\"potentialAction\":[{\"@type\":\"SearchAction\",\"target\":{\"@type\":\"EntryPoint\",\"urlTemplate\":\"https:\/\/skupinabonus.cz\/o-nas\/?s={search_term_string}\"},\"query-input\":{\"@type\":\"PropertyValueSpecification\",\"valueRequired\":true,\"valueName\":\"search_term_string\"}}],\"inLanguage\":\"cs\"},{\"@type\":\"Organization\",\"@id\":\"https:\/\/skupinabonus.cz\/o-nas\/#organization\",\"name\":\"Pavel Pila\u0159\",\"url\":\"https:\/\/skupinabonus.cz\/o-nas\/\",\"logo\":{\"@type\":\"ImageObject\",\"inLanguage\":\"cs\",\"@id\":\"https:\/\/skupinabonus.cz\/o-nas\/#\/schema\/logo\/image\/\",\"url\":\"http:\/\/skupinabonus.cz\/wp-content\/uploads\/2019\/10\/B.jpg\",\"contentUrl\":\"http:\/\/skupinabonus.cz\/wp-content\/uploads\/2019\/10\/B.jpg\",\"width\":93,\"height\":141,\"caption\":\"Pavel Pila\u0159\"},\"image\":{\"@id\":\"https:\/\/skupinabonus.cz\/o-nas\/#\/schema\/logo\/image\/\"},\"sameAs\":[\"https:\/\/www.facebook.com\/pavel.pilar.33\/\"]}]}<\/script>\n<!-- \/ Yoast SEO plugin. -->","yoast_head_json":{"title":"M\u011blni\u010danka, https:\/\/skupinabonus.cz\/o-nas\/?page_id=140, - HUDEBN\u00cd SKUPINA BONUS","description":"dechov\u00e1 hudba M\u011blni\u010danka , dechovka, M\u011blni\u010danka Pila\u0159","robots":{"index":"index","follow":"follow","max-snippet":"max-snippet:-1","max-image-preview":"max-image-preview:large","max-video-preview":"max-video-preview:-1"},"canonical":"https:\/\/skupinabonus.cz\/o-nas\/dostavenicko-s-bonusem\/","og_locale":"cs_CZ","og_type":"article","og_title":"M\u011blni\u010danka, https:\/\/skupinabonus.cz\/o-nas\/?page_id=140, - HUDEBN\u00cd SKUPINA BONUS","og_description":"dechov\u00e1 hudba M\u011blni\u010danka , dechovka, M\u011blni\u010danka Pila\u0159","og_url":"https:\/\/skupinabonus.cz\/o-nas\/dostavenicko-s-bonusem\/","og_site_name":"HUDEBN\u00cd SKUPINA BONUS","article_publisher":"https:\/\/www.facebook.com\/pavel.pilar.33\/","article_modified_time":"2019-11-04T13:26:51+00:00","og_image":[{"width":558,"height":159,"url":"https:\/\/skupinabonus.cz\/wp-content\/uploads\/2019\/11\/bonus-t\u0159pytiv\u00fd.gif","type":"image\/gif"}],"twitter_card":"summary_large_image","schema":{"@context":"https:\/\/schema.org","@graph":[{"@type":"WebPage","@id":"https:\/\/skupinabonus.cz\/o-nas\/dostavenicko-s-bonusem\/","url":"https:\/\/skupinabonus.cz\/o-nas\/dostavenicko-s-bonusem\/","name":"M\u011blni\u010danka, https:\/\/skupinabonus.cz\/o-nas\/?page_id=140, - HUDEBN\u00cd SKUPINA BONUS","isPartOf":{"@id":"https:\/\/skupinabonus.cz\/o-nas\/#website"},"datePublished":"2019-10-28T08:25:22+00:00","dateModified":"2019-11-04T13:26:51+00:00","description":"dechov\u00e1 hudba M\u011blni\u010danka , dechovka, M\u011blni\u010danka Pila\u0159","breadcrumb":{"@id":"https:\/\/skupinabonus.cz\/o-nas\/dostavenicko-s-bonusem\/#breadcrumb"},"inLanguage":"cs","potentialAction":[{"@type":"ReadAction","target":["https:\/\/skupinabonus.cz\/o-nas\/dostavenicko-s-bonusem\/"]}]},{"@type":"BreadcrumbList","@id":"https:\/\/skupinabonus.cz\/o-nas\/dostavenicko-s-bonusem\/#breadcrumb","itemListElement":[{"@type":"ListItem","position":1,"name":"Dom\u016f","item":"https:\/\/skupinabonus.cz\/o-nas\/"},{"@type":"ListItem","position":2,"name":"DOSTAVEN\u00cd\u010cKO s BONUSEM"}]},{"@type":"WebSite","@id":"https:\/\/skupinabonus.cz\/o-nas\/#website","url":"https:\/\/skupinabonus.cz\/o-nas\/","name":"HUDEBN\u00cd SKUPINA BONUS","description":"V\u00cdTEJTE NA STR\u00c1NK\u00c1CH HUDEBN\u00cd SKUPINY BONUS , KTER\u00c1 V\u00c1M DOK\u00c1\u017dE ZP\u0158\u00cdJEMNIT  N\u00c1LADU NA VA\u0160ICH AKC\u00cdCH jako jsou PLESY, Z\u00c1BAVY,  CE SOUKROM\u00c9HO CHARAKTERU....a dal\u0161\u00ed jin\u00e9 akSVATBY,  RODINN\u00c9 OSLAVY, AKce, kter\u00e9 je pot\u0159eba podbarvit p\u0159\u00edjemnou muzikou.","publisher":{"@id":"https:\/\/skupinabonus.cz\/o-nas\/#organization"},"alternateName":"SKUPINA BONUS","potentialAction":[{"@type":"SearchAction","target":{"@type":"EntryPoint","urlTemplate":"https:\/\/skupinabonus.cz\/o-nas\/?s={search_term_string}"},"query-input":{"@type":"PropertyValueSpecification","valueRequired":true,"valueName":"search_term_string"}}],"inLanguage":"cs"},{"@type":"Organization","@id":"https:\/\/skupinabonus.cz\/o-nas\/#organization","name":"Pavel Pila\u0159","url":"https:\/\/skupinabonus.cz\/o-nas\/","logo":{"@type":"ImageObject","inLanguage":"cs","@id":"https:\/\/skupinabonus.cz\/o-nas\/#\/schema\/logo\/image\/","url":"http:\/\/skupinabonus.cz\/wp-content\/uploads\/2019\/10\/B.jpg","contentUrl":"http:\/\/skupinabonus.cz\/wp-content\/uploads\/2019\/10\/B.jpg","width":93,"height":141,"caption":"Pavel Pila\u0159"},"image":{"@id":"https:\/\/skupinabonus.cz\/o-nas\/#\/schema\/logo\/image\/"},"sameAs":["https:\/\/www.facebook.com\/pavel.pilar.33\/"]}]}},"_links":{"self":[{"href":"https:\/\/skupinabonus.cz\/o-nas\/wp-json\/wp\/v2\/pages\/47","targetHints":{"allow":["GET"]}}],"collection":[{"href":"https:\/\/skupinabonus.cz\/o-nas\/wp-json\/wp\/v2\/pages"}],"about":[{"href":"https:\/\/skupinabonus.cz\/o-nas\/wp-json\/wp\/v2\/types\/page"}],"author":[{"embeddable":true,"href":"https:\/\/skupinabonus.cz\/o-nas\/wp-json\/wp\/v2\/users\/1"}],"replies":[{"embeddable":true,"href":"https:\/\/skupinabonus.cz\/o-nas\/wp-json\/wp\/v2\/comments?post=47"}],"version-history":[{"count":7,"href":"https:\/\/skupinabonus.cz\/o-nas\/wp-json\/wp\/v2\/pages\/47\/revisions"}],"predecessor-version":[{"id":211,"href":"https:\/\/skupinabonus.cz\/o-nas\/wp-json\/wp\/v2\/pages\/47\/revisions\/211"}],"wp:attachment":[{"href":"https:\/\/skupinabonus.cz\/o-nas\/wp-json\/wp\/v2\/media?parent=47"}],"curies":[{"name":"wp","href":"https:\/\/api.w.org\/{rel}","templated":true}]}}